{"id":389,"date":"2016-04-01T10:23:59","date_gmt":"2016-04-01T08:23:59","guid":{"rendered":"http:\/\/alpenchaletsreiteralm.com\/cs\/download-de-brochure\/"},"modified":"2019-11-08T14:47:38","modified_gmt":"2019-11-08T13:47:38","slug":"stahnout-brozuru","status":"publish","type":"page","link":"https:\/\/alpenchaletsreiteralm.com\/cs\/stahnout-brozuru\/","title":{"rendered":"St\u00e1hnout bro\u017euru"},"content":{"rendered":"<div class=\"wpb-content-wrapper\"><p>[vc_row type=&#8220;3&#8243; margin_top=&#8220;-100&#8243; padding_top=&#8220;100&#8243; bg_position=&#8220;center&#8220; bg_cover=&#8220;true&#8220; bg_attachment=&#8220;true&#8220; min_height=&#8220;75%&#8220; bg_image=&#8220;http:\/\/chaletsreiteralm.nl\/wp-content\/uploads\/2016\/03\/Austrian_alpine_Chalets_Reiteralm_Ski_Amade-42.jpg&#8220; css=&#8220;.vc_custom_1459433244811{background-image: url(http:\/\/creativematter.nl\/projects\/reiteralm\/wp-content\/uploads\/2016\/03\/Austrian_alpine_Chalets_Reiteralm_Ski_Amade-42.jpg?id=) !important;}&#8220;][vc_column][vc_column_text]<\/p>\n<h1 style=\"text-align: center;\">Va\u0161e zpr\u00e1va byla \u00fasp\u011b\u0161n\u011b odesl\u00e1na<\/h1>\n<p>[\/vc_column_text][vc_column_text css=&#8220;.vc_custom_1461600951923{margin-top: 60px !important;}&#8220;]<\/p>\n<p style=\"text-align: center;\"><a href=\"https:\/\/austrianalpinechalets.com\/wp-content\/PDF\/ACR-brochure-CZ-LR.pdf\" class=\"btn-shortcode dt-btn default-btn-color default-btn-hover-color default-btn-bg-color default-btn-bg-hover-color fadeIn animate-element animation-builder\" id=\"dt-btn-1\"><i class=\"fa fa-chevron-circle-right\"><\/i><span>St\u00e1hnout bro\u017euru<\/span><\/a><\/p>\n<p>[\/vc_column_text][\/vc_column][\/vc_row][vc_row type=&#8220;3&#8243; padding_top=&#8220;30&#8243; padding_bottom=&#8220;70&#8243; bg_position=&#8220;center&#8220; bg_cover=&#8220;true&#8220; bg_attachment=&#8220;true&#8220; anchor=&#8220;#adres&#8220;][vc_column][vc_row_inner][vc_column_inner width=&#8220;3\/4&#8243;][vc_column_text]Pokud m\u00e1te z\u00e1jem, aby p\u0159i\u0161li a zobrazit tyto vlastnosti, nebo m\u00e1te n\u011bjak\u00e9 dotazy, nev\u00e1hejte n\u00e1s kontaktovat:[\/vc_column_text][\/vc_column_inner][vc_column_inner width=&#8220;1\/4&#8243;][vc_single_image image=&#8220;354&#8243; img_size=&#8220;large&#8220;][\/vc_column_inner][\/vc_row_inner][vc_row_inner][vc_column_inner width=&#8220;1\/4&#8243;][vc_column_text]<strong><span lang=\"EN-US\">Drs Addy Coolbergen<\/span><\/strong><br \/>\n+43 (0)6 647 303 54 55<br \/>\naddy@coolbergen.net[\/vc_column_text][\/vc_column_inner][vc_column_inner width=&#8220;1\/4&#8243;][\/vc_column_inner][vc_column_inner width=&#8220;1\/4&#8243;][\/vc_column_inner][vc_column_inner width=&#8220;1\/4&#8243;][vc_column_text]<strong>Coolbergen Consulting s.r.o.<\/strong><br \/>\nSrn\u00edn 98<br \/>\n381 01 \u010cesk\u00fd Krumlov<br \/>\nTel. 602 \u2013 425 178<br \/>\nMail: info@coolbergen.net[\/vc_column_text][\/vc_column_inner][\/vc_row_inner][\/vc_column][\/vc_row]<\/p>\n<\/div>","protected":false},"excerpt":{"rendered":"<p>[vc_row type=&#8220;3&#8243; margin_top=&#8220;-100&#8243; padding_top=&#8220;100&#8243; bg_position=&#8220;center&#8220; bg_cover=&#8220;true&#8220; bg_attachment=&#8220;true&#8220; min_height=&#8220;75%&#8220; bg_image=&#8220;http:\/\/chaletsreiteralm.nl\/wp-content\/uploads\/2016\/03\/Austrian_alpine_Chalets_Reiteralm_Ski_Amade-42.jpg&#8220; css=&#8220;.vc_custom_1459433244811{background-image: url(http:\/\/creativematter.nl\/projects\/reiteralm\/wp-content\/uploads\/2016\/03\/Austrian_alpine_Chalets_Reiteralm_Ski_Amade-42.jpg?id=) !important;}&#8220;][vc_column][vc_column_text] Va\u0161e zpr\u00e1va byla \u00fasp\u011b\u0161n\u011b odesl\u00e1na [\/vc_column_text][vc_column_text css=&#8220;.vc_custom_1461600951923{margin-top: 60px !important;}&#8220;] [\/vc_column_text][\/vc_column][\/vc_row][vc_row type=&#8220;3&#8243; padding_top=&#8220;30&#8243; padding_bottom=&#8220;70&#8243; bg_position=&#8220;center&#8220; bg_cover=&#8220;true&#8220; bg_attachment=&#8220;true&#8220; anchor=&#8220;#adres&#8220;][vc_column][vc_row_inner][vc_column_inner width=&#8220;3\/4&#8243;][vc_column_text]Pokud m\u00e1te z\u00e1jem, aby p\u0159i\u0161li a zobrazit tyto vlastnosti, nebo m\u00e1te n\u011bjak\u00e9 dotazy, nev\u00e1hejte n\u00e1s kontaktovat:[\/vc_column_text][\/vc_column_inner][vc_column_inner width=&#8220;1\/4&#8243;][vc_single_image image=&#8220;354&#8243; img_size=&#8220;large&#8220;][\/vc_column_inner][\/vc_row_inner][vc_row_inner][vc_column_inner width=&#8220;1\/4&#8243;][vc_column_text]Drs Addy Coolbergen +43 (0)6 647 303&hellip;<\/p>\n","protected":false},"author":1,"featured_media":0,"parent":0,"menu_order":0,"comment_status":"closed","ping_status":"closed","template":"template-microsite.php","meta":{"footnotes":""},"class_list":["post-389","page","type-page","status-publish","hentry","description-off"],"_links":{"self":[{"href":"https:\/\/alpenchaletsreiteralm.com\/cs\/wp-json\/wp\/v2\/pages\/389","targetHints":{"allow":["GET"]}}],"collection":[{"href":"https:\/\/alpenchaletsreiteralm.com\/cs\/wp-json\/wp\/v2\/pages"}],"about":[{"href":"https:\/\/alpenchaletsreiteralm.com\/cs\/wp-json\/wp\/v2\/types\/page"}],"author":[{"embeddable":true,"href":"https:\/\/alpenchaletsreiteralm.com\/cs\/wp-json\/wp\/v2\/users\/1"}],"replies":[{"embeddable":true,"href":"https:\/\/alpenchaletsreiteralm.com\/cs\/wp-json\/wp\/v2\/comments?post=389"}],"version-history":[{"count":3,"href":"https:\/\/alpenchaletsreiteralm.com\/cs\/wp-json\/wp\/v2\/pages\/389\/revisions"}],"predecessor-version":[{"id":498,"href":"https:\/\/alpenchaletsreiteralm.com\/cs\/wp-json\/wp\/v2\/pages\/389\/revisions\/498"}],"wp:attachment":[{"href":"https:\/\/alpenchaletsreiteralm.com\/cs\/wp-json\/wp\/v2\/media?parent=389"}],"curies":[{"name":"wp","href":"https:\/\/api.w.org\/{rel}","templated":true}]}}